{"id":1521,"date":"2019-04-19T11:18:48","date_gmt":"2019-04-19T11:18:48","guid":{"rendered":"http:\/\/relaunch.schmohl-gmbh.de\/impressum\/"},"modified":"2021-04-06T14:22:40","modified_gmt":"2021-04-06T14:22:40","slug":"imprint","status":"publish","type":"page","link":"https:\/\/www.schmohl-gmbh.de\/en\/imprint\/","title":{"rendered":"Imprint"},"content":{"rendered":"<p>Information pursuant to Sect. 5 German Telemedia Act (TMG)<\/p>\n<p><strong>Schmohl N\u00e4hautomaten GmbH<\/strong><\/p>\n<p>Salacher Strasse 108<br \/>\n73054 Eislingen<\/p>\n<p><img loading=\"lazy\" decoding=\"async\" class=\"alignnone wp-image-740 size-full\" style=\"margin-bottom: 0;\" src=\"http:\/\/relaunch.schmohl-gmbh.de\/wp-content\/uploads\/images\/icon-phone-e1585649342759.png\" alt=\"\" width=\"12\" height=\"11\" \/> <a href=\"tel:00490716182089\"> +49 (0) 7161 \/ 82089<\/a><br \/>\n<a href=\"tel:00490716187449\"><img loading=\"lazy\" decoding=\"async\" class=\"alignnone wp-image-761 size-full\" style=\"margin-bottom: 0;\" src=\"http:\/\/relaunch.schmohl-gmbh.de\/wp-content\/uploads\/images\/icon-fax.png\" alt=\"\" width=\"14\" height=\"14\" \/> +49 (0) 7161 \/ 87449<\/a><br \/>\n<a href=\"mailto:info@schmohl-gmbh.de\"><img loading=\"lazy\" decoding=\"async\" class=\"alignnone wp-image-739 size-full\" style=\"margin-bottom: 0;\" src=\"http:\/\/relaunch.schmohl-gmbh.de\/wp-content\/uploads\/images\/icon-email-e1585650375378.png\" alt=\"\" width=\"18\" height=\"12\" \/> info@schmohl-gmbh.de<\/a><\/p>\n<p><strong>Commercial Register:<\/strong> HRB 530704<br \/>\n<strong>Registration court:<\/strong> Ulm<br \/>\n<strong>Represented by: <\/strong>Dipl.-Ing. (FH) Klaus Bachmann<br \/>\n<strong>VAT ID: <\/strong>Sales tax identification number according to Sect. 27 a of the Sales Tax Law: <strong>DE145549431 <\/strong><\/p>\n<p>&nbsp;<\/p>\n<p>&nbsp;<\/p>\n<p><strong>Design and programming<\/strong><\/p>\n<p>Projekt E GmbH | Esslingen<br \/>\n<a href=\"http:\/\/www.projekt-e.de\">www.projekt-e.de<\/a><\/p>\n","protected":false},"excerpt":{"rendered":"<p>Information pursuant to Sect. 5 German Telemedia Act (TMG) Schmohl N\u00e4hautomaten GmbH Salacher Strasse 108 73054 Eislingen +49 (0) 7161 \/ 82089 +49 (0) 7161 \/ 87449 info@schmohl-gmbh.de Commercial Register: HRB 530704 Registration court: Ulm Represented by: Dipl.-Ing. (FH) Klaus &hellip; <a href=\"https:\/\/www.schmohl-gmbh.de\/en\/imprint\/\" class=\"more-link\">Continue reading <span class=\"meta-nav\">&rarr;<\/span><\/a><\/p>\n","protected":false},"author":1,"featured_media":0,"parent":0,"menu_order":0,"comment_status":"closed","ping_status":"closed","template":"templates\/template-privacy.php","meta":{"_acf_changed":false,"footnotes":""},"class_list":["post-1521","page","type-page","status-publish","hentry","no-post-thumbnail","post-count-1"],"acf":[],"yoast_head":"<!-- This site is optimized with the Yoast SEO plugin v25.6 - https:\/\/yoast.com\/wordpress\/plugins\/seo\/ -->\n<title>Imprint - Schmohl N\u00e4hautomaten GmbH<\/title>\n<meta name=\"robots\" content=\"index, follow, max-snippet:-1, max-image-preview:large, max-video-preview:-1\" \/>\n<link rel=\"canonical\" href=\"https:\/\/www.schmohl-gmbh.de\/en\/imprint\/\" \/>\n<meta property=\"og:locale\" content=\"en_US\" \/>\n<meta property=\"og:type\" content=\"article\" \/>\n<meta property=\"og:title\" content=\"Imprint - Schmohl N\u00e4hautomaten GmbH\" \/>\n<meta property=\"og:description\" content=\"Information pursuant to Sect. 5 German Telemedia Act (TMG) Schmohl N\u00e4hautomaten GmbH Salacher Strasse 108 73054 Eislingen +49 (0) 7161 \/ 82089 +49 (0) 7161 \/ 87449 info@schmohl-gmbh.de Commercial Register: HRB 530704 Registration court: Ulm Represented by: Dipl.-Ing. (FH) Klaus &hellip; Continue reading &rarr;\" \/>\n<meta property=\"og:url\" content=\"https:\/\/www.schmohl-gmbh.de\/en\/imprint\/\" \/>\n<meta property=\"og:site_name\" content=\"Schmohl N\u00e4hautomaten GmbH\" \/>\n<meta property=\"article:modified_time\" content=\"2021-04-06T14:22:40+00:00\" \/>\n<meta property=\"og:image\" content=\"http:\/\/relaunch.schmohl-gmbh.de\/wp-content\/uploads\/images\/icon-phone-e1585649342759.png\" \/>\n<meta name=\"twitter:card\" content=\"summary_large_image\" \/>\n<script type=\"application\/ld+json\" class=\"yoast-schema-graph\">{\"@context\":\"https:\/\/schema.org\",\"@graph\":[{\"@type\":\"WebPage\",\"@id\":\"https:\/\/www.schmohl-gmbh.de\/en\/imprint\/\",\"url\":\"https:\/\/www.schmohl-gmbh.de\/en\/imprint\/\",\"name\":\"Imprint - Schmohl N\u00e4hautomaten GmbH\",\"isPartOf\":{\"@id\":\"https:\/\/www.schmohl-gmbh.de\/#website\"},\"primaryImageOfPage\":{\"@id\":\"https:\/\/www.schmohl-gmbh.de\/en\/imprint\/#primaryimage\"},\"image\":{\"@id\":\"https:\/\/www.schmohl-gmbh.de\/en\/imprint\/#primaryimage\"},\"thumbnailUrl\":\"http:\/\/relaunch.schmohl-gmbh.de\/wp-content\/uploads\/images\/icon-phone-e1585649342759.png\",\"datePublished\":\"2019-04-19T11:18:48+00:00\",\"dateModified\":\"2021-04-06T14:22:40+00:00\",\"breadcrumb\":{\"@id\":\"https:\/\/www.schmohl-gmbh.de\/en\/imprint\/#breadcrumb\"},\"inLanguage\":\"en-US\",\"potentialAction\":[{\"@type\":\"ReadAction\",\"target\":[\"https:\/\/www.schmohl-gmbh.de\/en\/imprint\/\"]}]},{\"@type\":\"ImageObject\",\"inLanguage\":\"en-US\",\"@id\":\"https:\/\/www.schmohl-gmbh.de\/en\/imprint\/#primaryimage\",\"url\":\"http:\/\/relaunch.schmohl-gmbh.de\/wp-content\/uploads\/images\/icon-phone-e1585649342759.png\",\"contentUrl\":\"http:\/\/relaunch.schmohl-gmbh.de\/wp-content\/uploads\/images\/icon-phone-e1585649342759.png\"},{\"@type\":\"BreadcrumbList\",\"@id\":\"https:\/\/www.schmohl-gmbh.de\/en\/imprint\/#breadcrumb\",\"itemListElement\":[{\"@type\":\"ListItem\",\"position\":1,\"name\":\"Home\",\"item\":\"https:\/\/www.schmohl-gmbh.de\/en\/\"},{\"@type\":\"ListItem\",\"position\":2,\"name\":\"Imprint\"}]},{\"@type\":\"WebSite\",\"@id\":\"https:\/\/www.schmohl-gmbh.de\/#website\",\"url\":\"https:\/\/www.schmohl-gmbh.de\/\",\"name\":\"Schmohl N\u00e4hautomaten GmbH\",\"description\":\"N\u00e4hautomaten Sonderl\u00f6sungen\",\"publisher\":{\"@id\":\"https:\/\/www.schmohl-gmbh.de\/#organization\"},\"potentialAction\":[{\"@type\":\"SearchAction\",\"target\":{\"@type\":\"EntryPoint\",\"urlTemplate\":\"https:\/\/www.schmohl-gmbh.de\/?s={search_term_string}\"},\"query-input\":{\"@type\":\"PropertyValueSpecification\",\"valueRequired\":true,\"valueName\":\"search_term_string\"}}],\"inLanguage\":\"en-US\"},{\"@type\":\"Organization\",\"@id\":\"https:\/\/www.schmohl-gmbh.de\/#organization\",\"name\":\"Schmohl N\u00e4hautomaten GmbH\",\"url\":\"https:\/\/www.schmohl-gmbh.de\/\",\"logo\":{\"@type\":\"ImageObject\",\"inLanguage\":\"en-US\",\"@id\":\"https:\/\/www.schmohl-gmbh.de\/#\/schema\/logo\/image\/\",\"url\":\"https:\/\/www.schmohl-gmbh.de\/wp-content\/uploads\/images\/logo.svg\",\"contentUrl\":\"https:\/\/www.schmohl-gmbh.de\/wp-content\/uploads\/images\/logo.svg\",\"width\":255,\"height\":85,\"caption\":\"Schmohl N\u00e4hautomaten GmbH\"},\"image\":{\"@id\":\"https:\/\/www.schmohl-gmbh.de\/#\/schema\/logo\/image\/\"}}]}<\/script>\n<!-- \/ Yoast SEO plugin. -->","yoast_head_json":{"title":"Imprint - Schmohl N\u00e4hautomaten GmbH","robots":{"index":"index","follow":"follow","max-snippet":"max-snippet:-1","max-image-preview":"max-image-preview:large","max-video-preview":"max-video-preview:-1"},"canonical":"https:\/\/www.schmohl-gmbh.de\/en\/imprint\/","og_locale":"en_US","og_type":"article","og_title":"Imprint - Schmohl N\u00e4hautomaten GmbH","og_description":"Information pursuant to Sect. 5 German Telemedia Act (TMG) Schmohl N\u00e4hautomaten GmbH Salacher Strasse 108 73054 Eislingen +49 (0) 7161 \/ 82089 +49 (0) 7161 \/ 87449 info@schmohl-gmbh.de Commercial Register: HRB 530704 Registration court: Ulm Represented by: Dipl.-Ing. (FH) Klaus &hellip; Continue reading &rarr;","og_url":"https:\/\/www.schmohl-gmbh.de\/en\/imprint\/","og_site_name":"Schmohl N\u00e4hautomaten GmbH","article_modified_time":"2021-04-06T14:22:40+00:00","og_image":[{"url":"http:\/\/relaunch.schmohl-gmbh.de\/wp-content\/uploads\/images\/icon-phone-e1585649342759.png","type":"","width":"","height":""}],"twitter_card":"summary_large_image","schema":{"@context":"https:\/\/schema.org","@graph":[{"@type":"WebPage","@id":"https:\/\/www.schmohl-gmbh.de\/en\/imprint\/","url":"https:\/\/www.schmohl-gmbh.de\/en\/imprint\/","name":"Imprint - Schmohl N\u00e4hautomaten GmbH","isPartOf":{"@id":"https:\/\/www.schmohl-gmbh.de\/#website"},"primaryImageOfPage":{"@id":"https:\/\/www.schmohl-gmbh.de\/en\/imprint\/#primaryimage"},"image":{"@id":"https:\/\/www.schmohl-gmbh.de\/en\/imprint\/#primaryimage"},"thumbnailUrl":"http:\/\/relaunch.schmohl-gmbh.de\/wp-content\/uploads\/images\/icon-phone-e1585649342759.png","datePublished":"2019-04-19T11:18:48+00:00","dateModified":"2021-04-06T14:22:40+00:00","breadcrumb":{"@id":"https:\/\/www.schmohl-gmbh.de\/en\/imprint\/#breadcrumb"},"inLanguage":"en-US","potentialAction":[{"@type":"ReadAction","target":["https:\/\/www.schmohl-gmbh.de\/en\/imprint\/"]}]},{"@type":"ImageObject","inLanguage":"en-US","@id":"https:\/\/www.schmohl-gmbh.de\/en\/imprint\/#primaryimage","url":"http:\/\/relaunch.schmohl-gmbh.de\/wp-content\/uploads\/images\/icon-phone-e1585649342759.png","contentUrl":"http:\/\/relaunch.schmohl-gmbh.de\/wp-content\/uploads\/images\/icon-phone-e1585649342759.png"},{"@type":"BreadcrumbList","@id":"https:\/\/www.schmohl-gmbh.de\/en\/imprint\/#breadcrumb","itemListElement":[{"@type":"ListItem","position":1,"name":"Home","item":"https:\/\/www.schmohl-gmbh.de\/en\/"},{"@type":"ListItem","position":2,"name":"Imprint"}]},{"@type":"WebSite","@id":"https:\/\/www.schmohl-gmbh.de\/#website","url":"https:\/\/www.schmohl-gmbh.de\/","name":"Schmohl N\u00e4hautomaten GmbH","description":"N\u00e4hautomaten Sonderl\u00f6sungen","publisher":{"@id":"https:\/\/www.schmohl-gmbh.de\/#organization"},"potentialAction":[{"@type":"SearchAction","target":{"@type":"EntryPoint","urlTemplate":"https:\/\/www.schmohl-gmbh.de\/?s={search_term_string}"},"query-input":{"@type":"PropertyValueSpecification","valueRequired":true,"valueName":"search_term_string"}}],"inLanguage":"en-US"},{"@type":"Organization","@id":"https:\/\/www.schmohl-gmbh.de\/#organization","name":"Schmohl N\u00e4hautomaten GmbH","url":"https:\/\/www.schmohl-gmbh.de\/","logo":{"@type":"ImageObject","inLanguage":"en-US","@id":"https:\/\/www.schmohl-gmbh.de\/#\/schema\/logo\/image\/","url":"https:\/\/www.schmohl-gmbh.de\/wp-content\/uploads\/images\/logo.svg","contentUrl":"https:\/\/www.schmohl-gmbh.de\/wp-content\/uploads\/images\/logo.svg","width":255,"height":85,"caption":"Schmohl N\u00e4hautomaten GmbH"},"image":{"@id":"https:\/\/www.schmohl-gmbh.de\/#\/schema\/logo\/image\/"}}]}},"_links":{"self":[{"href":"https:\/\/www.schmohl-gmbh.de\/en\/wp-json\/wp\/v2\/pages\/1521","targetHints":{"allow":["GET"]}}],"collection":[{"href":"https:\/\/www.schmohl-gmbh.de\/en\/wp-json\/wp\/v2\/pages"}],"about":[{"href":"https:\/\/www.schmohl-gmbh.de\/en\/wp-json\/wp\/v2\/types\/page"}],"author":[{"embeddable":true,"href":"https:\/\/www.schmohl-gmbh.de\/en\/wp-json\/wp\/v2\/users\/1"}],"replies":[{"embeddable":true,"href":"https:\/\/www.schmohl-gmbh.de\/en\/wp-json\/wp\/v2\/comments?post=1521"}],"version-history":[{"count":4,"href":"https:\/\/www.schmohl-gmbh.de\/en\/wp-json\/wp\/v2\/pages\/1521\/revisions"}],"predecessor-version":[{"id":1656,"href":"https:\/\/www.schmohl-gmbh.de\/en\/wp-json\/wp\/v2\/pages\/1521\/revisions\/1656"}],"wp:attachment":[{"href":"https:\/\/www.schmohl-gmbh.de\/en\/wp-json\/wp\/v2\/media?parent=1521"}],"curies":[{"name":"wp","href":"https:\/\/api.w.org\/{rel}","templated":true}]}}